{"id":589,"date":"2024-08-21T09:58:43","date_gmt":"2024-08-21T07:58:43","guid":{"rendered":"https:\/\/www.smartdigidocs.com\/intelligent-documenten-maken\/"},"modified":"2024-10-10T08:06:24","modified_gmt":"2024-10-10T08:06:24","slug":"intelligent-documenten-maken","status":"publish","type":"page","link":"https:\/\/www.smartdigidocs.com\/nl\/intelligent-documenten-maken\/","title":{"rendered":"Intelligent documenten maken"},"content":{"rendered":"<p>[et_pb_section fb_built=&#8221;1&#8243; admin_label=&#8221;Hero&#8221; _builder_version=&#8221;4.27.0&#8243; use_background_color_gradient=&#8221;on&#8221; background_color_gradient_stops=&#8221;rgba(0,0,0,0.6) 0%|rgba(0,0,0,0.6) 100%&#8221; background_color_gradient_overlays_image=&#8221;on&#8221; background_color_gradient_start=&#8221;rgba(0,0,0,0.6)&#8221; background_color_gradient_end=&#8221;rgba(0,0,0,0.6)&#8221; background_image=&#8221;https:\/\/www.smartdigidocs.com\/wp-content\/uploads\/2024\/09\/shutterstock_2476549551.jpg&#8221; custom_padding=&#8221;110px|0px|41px|0px|false|false&#8221; animation_style=&#8221;zoom&#8221; animation_intensity_zoom=&#8221;4%&#8221; global_colors_info=&#8221;{}&#8221;][et_pb_row _builder_version=&#8221;4.27.0&#8243; background_size=&#8221;initial&#8221; background_position=&#8221;top_left&#8221; background_repeat=&#8221;repeat&#8221; custom_padding=&#8221;|||&#8221; animation_style=&#8221;slide&#8221; animation_direction=&#8221;top&#8221; animation_intensity_slide=&#8221;3%&#8221; global_colors_info=&#8221;{}&#8221;][et_pb_column type=&#8221;4_4&#8243; _builder_version=&#8221;4.16&#8243; custom_padding=&#8221;|||&#8221; global_colors_info=&#8221;{}&#8221; custom_padding__hover=&#8221;|||&#8221;][et_pb_text _builder_version=&#8221;4.27.0&#8243; text_font=&#8221;Montserrat|500||on|||||&#8221; text_text_color=&#8221;#f7f7f7&#8243; text_font_size=&#8221;16px&#8221; text_letter_spacing=&#8221;3px&#8221; background_size=&#8221;initial&#8221; background_position=&#8221;top_left&#8221; background_repeat=&#8221;repeat&#8221; custom_margin=&#8221;-109px|||||&#8221; animation_style=&#8221;slide&#8221; animation_direction=&#8221;bottom&#8221; locked=&#8221;off&#8221; global_colors_info=&#8221;{}&#8221;][\/et_pb_text][et_pb_text _builder_version=&#8221;4.27.0&#8243; text_font=&#8221;||||||||&#8221; text_font_size=&#8221;1px&#8221; header_font=&#8221;Montserrat|700||on|||||&#8221; header_text_color=&#8221;#ffffff&#8221; header_font_size=&#8221;60px&#8221; header_line_height=&#8221;1.3em&#8221; header_2_font=&#8221;||||||||&#8221; background_size=&#8221;initial&#8221; background_position=&#8221;top_left&#8221; background_repeat=&#8221;repeat&#8221; custom_margin=&#8221;|||&#8221; animation_style=&#8221;fade&#8221; header_font_size_last_edited=&#8221;off|desktop&#8221; locked=&#8221;off&#8221; global_colors_info=&#8221;{}&#8221;]<\/p>\n<h1><span class=\"TextRun SCXW123874981 BCX8\" lang=\"FR-FR\" xml:lang=\"FR-FR\" data-contrast=\"auto\"><span class=\"NormalTextRun SCXW123874981 BCX8\">Intelligent <\/span><span class=\"NormalTextRun SpellingErrorV2Themed SCXW123874981 BCX8\">documenten<\/span> <span class=\"NormalTextRun SpellingErrorV2Themed SCXW123874981 BCX8\">maken<\/span><\/span><span class=\"EOP SCXW123874981 BCX8\" data-ccp-props=\"{}\">\u00a0<\/span><\/h1>\n<p>[\/et_pb_text][et_pb_text _builder_version=&#8221;4.27.0&#8243; text_font=&#8221;||||||||&#8221; text_text_color=&#8221;#ffffff&#8221; text_font_size=&#8221;24px&#8221; text_line_height=&#8221;1.8em&#8221; background_size=&#8221;initial&#8221; background_position=&#8221;top_left&#8221; background_repeat=&#8221;repeat&#8221; max_width=&#8221;700px&#8221; module_alignment=&#8221;left&#8221; custom_padding=&#8221;||0px|||&#8221; animation_style=&#8221;flip&#8221; animation_direction=&#8221;top&#8221; animation_intensity_flip=&#8221;20%&#8221; locked=&#8221;off&#8221; global_colors_info=&#8221;{}&#8221;]<\/p>\n<p><span class=\"TextRun SCXW85938656 BCX8\" lang=\"FR-FR\" xml:lang=\"FR-FR\" data-contrast=\"auto\"><span class=\"NormalTextRun SpellingErrorV2Themed SCXW85938656 BCX8\">Cre\u00eber<\/span><span class=\"NormalTextRun SCXW85938656 BCX8\"> je <\/span><span class=\"NormalTextRun SpellingErrorV2Themed SCXW85938656 BCX8\">gepersonaliseerde<\/span> <span class=\"NormalTextRun SpellingErrorV2Themed SCXW85938656 BCX8\">documenten<\/span><span class=\"NormalTextRun SCXW85938656 BCX8\"> in <\/span><span class=\"NormalTextRun SpellingErrorV2Themed SCXW85938656 BCX8\">recordtijd<\/span><\/span><span class=\"EOP SCXW85938656 BCX8\" data-ccp-props=\"{}\">\u00a0<\/span><\/p>\n<p>[\/et_pb_text][\/et_pb_column][\/et_pb_row][\/et_pb_section][et_pb_section fb_built=&#8221;1&#8243; admin_label=&#8221;Image and Text&#8221; _builder_version=&#8221;4.16&#8243; background_color=&#8221;#ffffff&#8221; custom_padding=&#8221;89px|0px|36px|0px||&#8221; global_colors_info=&#8221;{}&#8221;][et_pb_row column_structure=&#8221;1_2,1_2&#8243; _builder_version=&#8221;4.27.0&#8243; background_size=&#8221;initial&#8221; background_position=&#8221;top_left&#8221; background_repeat=&#8221;repeat&#8221; custom_padding=&#8221;1px|||||&#8221; global_colors_info=&#8221;{}&#8221;][et_pb_column type=&#8221;1_2&#8243; _builder_version=&#8221;4.16&#8243; custom_padding=&#8221;|||&#8221; global_colors_info=&#8221;{}&#8221; custom_padding__hover=&#8221;|||&#8221;][et_pb_image src=&#8221;https:\/\/www.smartdigidocs.com\/wp-content\/uploads\/2024\/09\/Shutterstock_2436572005.png&#8221; title_text=&#8221;Shutterstock_2436572005&#8243; show_in_lightbox=&#8221;on&#8221; align_tablet=&#8221;center&#8221; align_phone=&#8221;center&#8221; align_last_edited=&#8221;on|desktop&#8221; _builder_version=&#8221;4.27.0&#8243; min_height=&#8221;571.4px&#8221; animation_style=&#8221;slide&#8221; animation_direction=&#8221;left&#8221; animation_intensity_slide=&#8221;10%&#8221; hover_enabled=&#8221;0&#8243; global_colors_info=&#8221;{}&#8221; sticky_enabled=&#8221;0&#8243;][\/et_pb_image][\/et_pb_column][et_pb_column type=&#8221;1_2&#8243; _builder_version=&#8221;4.16&#8243; custom_padding=&#8221;|||&#8221; global_colors_info=&#8221;{}&#8221; custom_padding__hover=&#8221;|||&#8221;][et_pb_text _builder_version=&#8221;4.27.0&#8243; text_font=&#8221;||||||||&#8221; text_text_color=&#8221;#747d88&#8243; text_font_size=&#8221;20px&#8221; text_line_height=&#8221;1.8em&#8221; header_font=&#8221;||||||||&#8221; header_3_font=&#8221;Montserrat||||||||&#8221; header_3_line_height=&#8221;1.5em&#8221; background_size=&#8221;initial&#8221; background_position=&#8221;top_left&#8221; background_repeat=&#8221;repeat&#8221; max_width=&#8221;700px&#8221; module_alignment=&#8221;center&#8221; custom_margin=&#8221;-2px|||||&#8221; animation_style=&#8221;fade&#8221; animation_direction=&#8221;top&#8221; hover_enabled=&#8221;0&#8243; global_colors_info=&#8221;{}&#8221; sticky_enabled=&#8221;0&#8243;]<\/p>\n<h2><strong><span class=\"TextRun SCXW196966618 BCX8\" lang=\"FR-FR\" xml:lang=\"FR-FR\" data-contrast=\"auto\"><span class=\"NormalTextRun SpellingErrorV2Themed SCXW196966618 BCX8\">Maak<\/span><span class=\"NormalTextRun SCXW196966618 BCX8\"> al je <\/span><span class=\"NormalTextRun SpellingErrorV2Themed SCXW196966618 BCX8\">documenten<\/span><span class=\"NormalTextRun SCXW196966618 BCX8\"> in <\/span><span class=\"NormalTextRun SpellingErrorV2Themed SCXW196966618 BCX8\">slechts<\/span> <span class=\"NormalTextRun SpellingErrorV2Themed SCXW196966618 BCX8\">een<\/span> <span class=\"NormalTextRun SpellingErrorV2Themed SCXW196966618 BCX8\">paar<\/span> <span class=\"NormalTextRun SpellingErrorV2Themed SCXW196966618 BCX8\">eenvoudige<\/span> <span class=\"NormalTextRun SpellingErrorV2Themed SCXW196966618 BCX8\">stappen<\/span><span class=\"NormalTextRun SCXW196966618 BCX8\">&#8230;<\/span><\/span><span class=\"EOP SCXW196966618 BCX8\" data-ccp-props=\"{}\">\u00a0<\/span><\/strong><\/h2>\n<p>&nbsp;<\/p>\n<h3><strong>1. Ontwerp dynamische document- en e-mailsjablonen<\/strong><\/h3>\n<p><span data-contrast=\"auto\">Ontwerp dynamische, sterk gepersonaliseerde zakelijke documenten met behulp van intu\u00eftief WYSIWYG sjabloonontwerp. Iedereen met tekstverwerkingsvaardigheden kan een sjabloon ontwerpen voor zowel standaard documentformaten als responsieve HTML e-mails. Eenmaal in kaart gebracht, kunnen variabelen, voorwaarden, bedrijfsregels en andere logische elementen in de sjabloon worden ge\u00efntegreerd met behulp van gebruiksvriendelijke interfaces en wizards.<\/span><span data-ccp-props=\"{}\">\u00a0<\/span><\/p>\n<p>&nbsp;<\/p>\n<p>&nbsp;<\/p>\n<p>&nbsp;<\/p>\n<h3><strong>1. Concevoir des mod\u00e8les de documents et d&#8217;e-mails dynamiques<\/strong><\/h3>\n<p style=\"font-weight: 400;\">Concevez des documents commerciaux dynamiques et hautement personnalis\u00e9s gr\u00e2ce \u00e0 une conception intuitive de mod\u00e8les WYSIWYG. Toute personne ayant des comp\u00e9tences en traitement de texte peut concevoir un mod\u00e8le, tant pour les formats de documents standard que pour les courriers \u00e9lectroniques HTML r\u00e9actifs. Une fois le mappage termin\u00e9, des variables, des conditions, des r\u00e8gles commerciales et d&#8217;autres \u00e9l\u00e9ments logiques peuvent \u00eatre int\u00e9gr\u00e9s dans le mod\u00e8le gr\u00e2ce \u00e0 des interfaces et des assistants conviviaux.<\/p>\n<p>[\/et_pb_text][\/et_pb_column][\/et_pb_row][\/et_pb_section][et_pb_section fb_built=&#8221;1&#8243; admin_label=&#8221;Text and Image&#8221; _builder_version=&#8221;4.16&#8243; background_color=&#8221;#f7f7f7&#8243; custom_padding=&#8221;30px|0px|16px|0px||&#8221; global_colors_info=&#8221;{}&#8221;][et_pb_row column_structure=&#8221;1_2,1_2&#8243; _builder_version=&#8221;4.16&#8243; background_size=&#8221;initial&#8221; background_position=&#8221;top_left&#8221; background_repeat=&#8221;repeat&#8221; global_colors_info=&#8221;{}&#8221;][et_pb_column type=&#8221;1_2&#8243; _builder_version=&#8221;4.16&#8243; custom_padding=&#8221;|||&#8221; global_colors_info=&#8221;{}&#8221; custom_padding__hover=&#8221;|||&#8221;][et_pb_text _builder_version=&#8221;4.27.0&#8243; text_font=&#8221;||||||||&#8221; text_text_color=&#8221;#747d88&#8243; text_font_size=&#8221;20px&#8221; text_line_height=&#8221;1.8em&#8221; header_font=&#8221;||||||||&#8221; header_3_font=&#8221;Montserrat||||||||&#8221; header_3_line_height=&#8221;1.5em&#8221; background_size=&#8221;initial&#8221; background_position=&#8221;top_left&#8221; background_repeat=&#8221;repeat&#8221; max_width=&#8221;700px&#8221; module_alignment=&#8221;center&#8221; custom_margin=&#8221;0px|||||&#8221; animation_style=&#8221;fade&#8221; animation_direction=&#8221;top&#8221; hover_enabled=&#8221;0&#8243; global_colors_info=&#8221;{}&#8221; sticky_enabled=&#8221;0&#8243;]<\/p>\n<h3><span data-contrast=\"auto\">2. Integreer uw gegevens<\/span><\/h3>\n<p><span data-contrast=\"auto\">Alle beschikbare gegevens worden automatisch gekoppeld aan het juiste model. Dit betekent dat je de informatie in je CRM, ERP, online formulieren of e-commercesystemen kunt gebruiken om contracten, marketingcommunicatie enzovoort op te stellen. Dit gebeurt via een geautomatiseerd proces, afgestemd op jouw behoeften.<\/span><span data-ccp-props=\"{}\">\u00a0<\/span><\/p>\n<p><span data-contrast=\"auto\">\u00a0<\/span><span data-ccp-props=\"{}\">\u00a0<\/span><\/p>\n<h3><span data-contrast=\"auto\">3. Genereer uw intelligente documenten<\/span><\/h3>\n<p><span data-contrast=\"auto\">Zodra de gegevens ge\u00efntegreerd zijn, worden uw documenten automatisch op de achtergrond gegenereerd zonder enige handmatige interactie.<\/span><span data-ccp-props=\"{}\">\u00a0<\/span><\/p>\n<h3><span data-contrast=\"auto\">4. Weergeven, verzenden en ondertekenen<\/span><\/h3>\n<p><span data-contrast=\"auto\">Gegenereerde slimme documenten kunnen direct ter goedkeuring worden weergegeven, per e-mail worden verzonden of digitaal worden ondertekend met bijvoorbeeld de Nitro eSign-oplossing. Hierdoor kunt u de acquisitie- en verwerkingstijd van klanten verkorten.<\/span><span data-ccp-props=\"{}\">\u00a0<\/span><\/p>\n<p>[\/et_pb_text][\/et_pb_column][et_pb_column type=&#8221;1_2&#8243; _builder_version=&#8221;4.16&#8243; custom_padding=&#8221;|||&#8221; global_colors_info=&#8221;{}&#8221; custom_padding__hover=&#8221;|||&#8221;][et_pb_image src=&#8221;https:\/\/www.smartdigidocs.com\/wp-content\/uploads\/2024\/09\/sdd-sketch-1.png&#8221; title_text=&#8221;sdd-sketch-1&#8243; align_tablet=&#8221;center&#8221; align_phone=&#8221;center&#8221; align_last_edited=&#8221;on|desktop&#8221; _builder_version=&#8221;4.27.0&#8243; custom_padding=&#8221;||280px|||&#8221; animation_style=&#8221;slide&#8221; animation_direction=&#8221;right&#8221; animation_intensity_slide=&#8221;10%&#8221; global_colors_info=&#8221;{}&#8221;][\/et_pb_image][\/et_pb_column][\/et_pb_row][\/et_pb_section][et_pb_section fb_built=&#8221;1&#8243; _builder_version=&#8221;4.27.0&#8243; _module_preset=&#8221;default&#8221; locked=&#8221;off&#8221; global_colors_info=&#8221;{}&#8221;][et_pb_row _builder_version=&#8221;4.27.0&#8243; _module_preset=&#8221;default&#8221; global_colors_info=&#8221;{}&#8221;][et_pb_column type=&#8221;4_4&#8243; _builder_version=&#8221;4.27.0&#8243; _module_preset=&#8221;default&#8221; global_colors_info=&#8221;{}&#8221;][et_pb_text admin_label=&#8221;Title&#8221; _builder_version=&#8221;4.27.0&#8243; text_font=&#8221;Montserrat||||||||&#8221; text_text_color=&#8221;#747d88&#8243; text_font_size=&#8221;16px&#8221; text_line_height=&#8221;1.9em&#8221; header_font=&#8221;||||||||&#8221; header_2_font=&#8221;Montserrat|700||on|||||&#8221; header_2_font_size=&#8221;42px&#8221; header_2_line_height=&#8221;1.3em&#8221; text_orientation=&#8221;center&#8221; max_width=&#8221;700px&#8221; module_alignment=&#8221;center&#8221; animation_style=&#8221;slide&#8221; animation_direction=&#8221;bottom&#8221; animation_intensity_slide=&#8221;4%&#8221; global_colors_info=&#8221;{}&#8221;]<\/p>\n<h2><span style=\"color: #000000;\"><span class=\"TextRun SCXW119577285 BCX8\" lang=\"FR-FR\" xml:lang=\"FR-FR\" data-contrast=\"auto\"><span class=\"NormalTextRun SpellingErrorV2Themed SCXW119577285 BCX8\">Eenvoudige<\/span> <span class=\"NormalTextRun SpellingErrorV2Themed SCXW119577285 BCX8\">stappen<\/span><\/span><span class=\"EOP SCXW119577285 BCX8\" data-ccp-props=\"{}\">\u00a0<\/span><\/span><\/h2>\n<p>[\/et_pb_text][et_pb_text _builder_version=&#8221;4.27.0&#8243; _module_preset=&#8221;default&#8221; custom_margin=&#8221;-25px|||||&#8221; global_colors_info=&#8221;{}&#8221;]<\/p>\n<p style=\"text-align: center;\"><span class=\"TextRun SCXW154375163 BCX8\" lang=\"FR-FR\" xml:lang=\"FR-FR\" data-contrast=\"auto\"><span class=\"NormalTextRun SpellingErrorV2Themed SCXW154375163 BCX8\">Maak<\/span><span class=\"NormalTextRun SCXW154375163 BCX8\">, <\/span><span class=\"NormalTextRun SpellingErrorV2Themed SCXW154375163 BCX8\">verstuur<\/span><span class=\"NormalTextRun SCXW154375163 BCX8\"> en <\/span><span class=\"NormalTextRun SpellingErrorV2Themed SCXW154375163 BCX8\">onderteken<\/span><span class=\"NormalTextRun SCXW154375163 BCX8\"> al je <\/span><span class=\"NormalTextRun SpellingErrorV2Themed SCXW154375163 BCX8\">documenten<\/span><span class=\"NormalTextRun SCXW154375163 BCX8\"> in <\/span><span class=\"NormalTextRun SpellingErrorV2Themed SCXW154375163 BCX8\">slechts<\/span> <span class=\"NormalTextRun SpellingErrorV2Themed SCXW154375163 BCX8\">een<\/span> <span class=\"NormalTextRun SpellingErrorV2Themed SCXW154375163 BCX8\">paar<\/span> <span class=\"NormalTextRun SpellingErrorV2Themed SCXW154375163 BCX8\">eenvoudige<\/span> <span class=\"NormalTextRun SpellingErrorV2Themed SCXW154375163 BCX8\">stappen<\/span><span class=\"NormalTextRun SCXW154375163 BCX8\">.<\/span><\/span><span class=\"EOP SCXW154375163 BCX8\" data-ccp-props=\"{}\">\u00a0<\/span><\/p>\n<p>[\/et_pb_text][et_pb_image src=&#8221;https:\/\/www.smartdigidocs.com\/wp-content\/uploads\/2024\/08\/SDD-flow-1.png&#8221; title_text=&#8221;SDD-flow-1&#8243; _builder_version=&#8221;4.27.0&#8243; _module_preset=&#8221;default&#8221; global_colors_info=&#8221;{}&#8221;][\/et_pb_image][\/et_pb_column][\/et_pb_row][\/et_pb_section]<\/p>\n","protected":false},"excerpt":{"rendered":"<p>Intelligent documenten maken\u00a0Cre\u00eber je gepersonaliseerde documenten in recordtijd\u00a0Maak al je documenten in slechts een paar eenvoudige stappen&#8230;\u00a0 &nbsp; 1. Ontwerp dynamische document- en e-mailsjablonen Ontwerp dynamische, sterk gepersonaliseerde zakelijke documenten met behulp van intu\u00eftief WYSIWYG sjabloonontwerp. Iedereen met tekstverwerkingsvaardigheden kan een sjabloon ontwerpen voor zowel standaard documentformaten als responsieve HTML e-mails. Eenmaal in kaart gebracht, [&hellip;]<\/p>\n","protected":false},"author":3,"featured_media":0,"parent":0,"menu_order":0,"comment_status":"closed","ping_status":"closed","template":"","meta":{"_et_pb_use_builder":"on","_et_pb_old_content":"","_et_gb_content_width":"","footnotes":""},"class_list":["post-589","page","type-page","status-publish","hentry"],"yoast_head":"<!-- This site is optimized with the Yoast SEO plugin v25.5 - https:\/\/yoast.com\/wordpress\/plugins\/seo\/ -->\n<title>Intelligent documenten maken - Smartdigidocs<\/title>\n<meta name=\"robots\" content=\"index, follow, max-snippet:-1, max-image-preview:large, max-video-preview:-1\" \/>\n<link rel=\"canonical\" href=\"https:\/\/www.smartdigidocs.com\/nl\/intelligent-documenten-maken\/\" \/>\n<meta property=\"og:locale\" content=\"nl_NL\" \/>\n<meta property=\"og:type\" content=\"article\" \/>\n<meta property=\"og:title\" content=\"Intelligent documenten maken - Smartdigidocs\" \/>\n<meta property=\"og:description\" content=\"Intelligent documenten maken\u00a0Cre\u00eber je gepersonaliseerde documenten in recordtijd\u00a0Maak al je documenten in slechts een paar eenvoudige stappen...\u00a0 &nbsp; 1. Ontwerp dynamische document- en e-mailsjablonen Ontwerp dynamische, sterk gepersonaliseerde zakelijke documenten met behulp van intu\u00eftief WYSIWYG sjabloonontwerp. Iedereen met tekstverwerkingsvaardigheden kan een sjabloon ontwerpen voor zowel standaard documentformaten als responsieve HTML e-mails. Eenmaal in kaart gebracht, [&hellip;]\" \/>\n<meta property=\"og:url\" content=\"https:\/\/www.smartdigidocs.com\/nl\/intelligent-documenten-maken\/\" \/>\n<meta property=\"og:site_name\" content=\"Smartdigidocs\" \/>\n<meta property=\"article:modified_time\" content=\"2024-10-10T08:06:24+00:00\" \/>\n<meta name=\"twitter:card\" content=\"summary_large_image\" \/>\n<meta name=\"twitter:label1\" content=\"Geschatte leestijd\" \/>\n\t<meta name=\"twitter:data1\" content=\"6 minuten\" \/>\n<script type=\"application\/ld+json\" class=\"yoast-schema-graph\">{\"@context\":\"https:\/\/schema.org\",\"@graph\":[{\"@type\":\"WebPage\",\"@id\":\"https:\/\/www.smartdigidocs.com\/nl\/intelligent-documenten-maken\/\",\"url\":\"https:\/\/www.smartdigidocs.com\/nl\/intelligent-documenten-maken\/\",\"name\":\"Intelligent documenten maken - Smartdigidocs\",\"isPartOf\":{\"@id\":\"https:\/\/www.smartdigidocs.com\/nl\/#website\"},\"datePublished\":\"2024-08-21T07:58:43+00:00\",\"dateModified\":\"2024-10-10T08:06:24+00:00\",\"breadcrumb\":{\"@id\":\"https:\/\/www.smartdigidocs.com\/nl\/intelligent-documenten-maken\/#breadcrumb\"},\"inLanguage\":\"nl-NL\",\"potentialAction\":[{\"@type\":\"ReadAction\",\"target\":[\"https:\/\/www.smartdigidocs.com\/nl\/intelligent-documenten-maken\/\"]}]},{\"@type\":\"BreadcrumbList\",\"@id\":\"https:\/\/www.smartdigidocs.com\/nl\/intelligent-documenten-maken\/#breadcrumb\",\"itemListElement\":[{\"@type\":\"ListItem\",\"position\":1,\"name\":\"Accueil\",\"item\":\"https:\/\/www.smartdigidocs.com\/nl\/\"},{\"@type\":\"ListItem\",\"position\":2,\"name\":\"Intelligent documenten maken\"}]},{\"@type\":\"WebSite\",\"@id\":\"https:\/\/www.smartdigidocs.com\/nl\/#website\",\"url\":\"https:\/\/www.smartdigidocs.com\/nl\/\",\"name\":\"Smartdigidocs\",\"description\":\"\",\"potentialAction\":[{\"@type\":\"SearchAction\",\"target\":{\"@type\":\"EntryPoint\",\"urlTemplate\":\"https:\/\/www.smartdigidocs.com\/nl\/?s={search_term_string}\"},\"query-input\":{\"@type\":\"PropertyValueSpecification\",\"valueRequired\":true,\"valueName\":\"search_term_string\"}}],\"inLanguage\":\"nl-NL\"}]}<\/script>\n<!-- \/ Yoast SEO plugin. -->","yoast_head_json":{"title":"Intelligent documenten maken - Smartdigidocs","robots":{"index":"index","follow":"follow","max-snippet":"max-snippet:-1","max-image-preview":"max-image-preview:large","max-video-preview":"max-video-preview:-1"},"canonical":"https:\/\/www.smartdigidocs.com\/nl\/intelligent-documenten-maken\/","og_locale":"nl_NL","og_type":"article","og_title":"Intelligent documenten maken - Smartdigidocs","og_description":"Intelligent documenten maken\u00a0Cre\u00eber je gepersonaliseerde documenten in recordtijd\u00a0Maak al je documenten in slechts een paar eenvoudige stappen...\u00a0 &nbsp; 1. Ontwerp dynamische document- en e-mailsjablonen Ontwerp dynamische, sterk gepersonaliseerde zakelijke documenten met behulp van intu\u00eftief WYSIWYG sjabloonontwerp. Iedereen met tekstverwerkingsvaardigheden kan een sjabloon ontwerpen voor zowel standaard documentformaten als responsieve HTML e-mails. Eenmaal in kaart gebracht, [&hellip;]","og_url":"https:\/\/www.smartdigidocs.com\/nl\/intelligent-documenten-maken\/","og_site_name":"Smartdigidocs","article_modified_time":"2024-10-10T08:06:24+00:00","twitter_card":"summary_large_image","twitter_misc":{"Geschatte leestijd":"6 minuten"},"schema":{"@context":"https:\/\/schema.org","@graph":[{"@type":"WebPage","@id":"https:\/\/www.smartdigidocs.com\/nl\/intelligent-documenten-maken\/","url":"https:\/\/www.smartdigidocs.com\/nl\/intelligent-documenten-maken\/","name":"Intelligent documenten maken - Smartdigidocs","isPartOf":{"@id":"https:\/\/www.smartdigidocs.com\/nl\/#website"},"datePublished":"2024-08-21T07:58:43+00:00","dateModified":"2024-10-10T08:06:24+00:00","breadcrumb":{"@id":"https:\/\/www.smartdigidocs.com\/nl\/intelligent-documenten-maken\/#breadcrumb"},"inLanguage":"nl-NL","potentialAction":[{"@type":"ReadAction","target":["https:\/\/www.smartdigidocs.com\/nl\/intelligent-documenten-maken\/"]}]},{"@type":"BreadcrumbList","@id":"https:\/\/www.smartdigidocs.com\/nl\/intelligent-documenten-maken\/#breadcrumb","itemListElement":[{"@type":"ListItem","position":1,"name":"Accueil","item":"https:\/\/www.smartdigidocs.com\/nl\/"},{"@type":"ListItem","position":2,"name":"Intelligent documenten maken"}]},{"@type":"WebSite","@id":"https:\/\/www.smartdigidocs.com\/nl\/#website","url":"https:\/\/www.smartdigidocs.com\/nl\/","name":"Smartdigidocs","description":"","potentialAction":[{"@type":"SearchAction","target":{"@type":"EntryPoint","urlTemplate":"https:\/\/www.smartdigidocs.com\/nl\/?s={search_term_string}"},"query-input":{"@type":"PropertyValueSpecification","valueRequired":true,"valueName":"search_term_string"}}],"inLanguage":"nl-NL"}]}},"_links":{"self":[{"href":"https:\/\/www.smartdigidocs.com\/nl\/wp-json\/wp\/v2\/pages\/589","targetHints":{"allow":["GET"]}}],"collection":[{"href":"https:\/\/www.smartdigidocs.com\/nl\/wp-json\/wp\/v2\/pages"}],"about":[{"href":"https:\/\/www.smartdigidocs.com\/nl\/wp-json\/wp\/v2\/types\/page"}],"author":[{"embeddable":true,"href":"https:\/\/www.smartdigidocs.com\/nl\/wp-json\/wp\/v2\/users\/3"}],"replies":[{"embeddable":true,"href":"https:\/\/www.smartdigidocs.com\/nl\/wp-json\/wp\/v2\/comments?post=589"}],"version-history":[{"count":2,"href":"https:\/\/www.smartdigidocs.com\/nl\/wp-json\/wp\/v2\/pages\/589\/revisions"}],"predecessor-version":[{"id":591,"href":"https:\/\/www.smartdigidocs.com\/nl\/wp-json\/wp\/v2\/pages\/589\/revisions\/591"}],"wp:attachment":[{"href":"https:\/\/www.smartdigidocs.com\/nl\/wp-json\/wp\/v2\/media?parent=589"}],"curies":[{"name":"wp","href":"https:\/\/api.w.org\/{rel}","templated":true}]}}