{"id":110,"date":"2024-08-21T09:58:43","date_gmt":"2024-08-21T09:58:43","guid":{"rendered":"https:\/\/www.smartdigidocs.com\/?page_id=110"},"modified":"2024-09-18T16:10:05","modified_gmt":"2024-09-18T16:10:05","slug":"generation-intelligente-de-documents","status":"publish","type":"page","link":"https:\/\/www.smartdigidocs.com\/fr\/generation-intelligente-de-documents\/","title":{"rendered":"G\u00e9n\u00e9ration intelligente de documents"},"content":{"rendered":"<p>[et_pb_section fb_built=\u00a0\u00bb1&Prime; admin_label=\u00a0\u00bbHero\u00a0\u00bb _builder_version=\u00a0\u00bb4.27.0&Prime; use_background_color_gradient=\u00a0\u00bbon\u00a0\u00bb background_color_gradient_stops=\u00a0\u00bbrgba(0,0,0,0.6) 0%|rgba(0,0,0,0.6) 100%\u00a0\u00bb background_color_gradient_overlays_image=\u00a0\u00bbon\u00a0\u00bb background_color_gradient_start=\u00a0\u00bbrgba(0,0,0,0.6)\u00a0\u00bb background_color_gradient_end=\u00a0\u00bbrgba(0,0,0,0.6)\u00a0\u00bb background_image=\u00a0\u00bbhttps:\/\/www.smartdigidocs.com\/wp-content\/uploads\/2024\/09\/shutterstock_2476549551.jpg\u00a0\u00bb custom_padding=\u00a0\u00bb110px|0px|41px|0px|false|false\u00a0\u00bb animation_style=\u00a0\u00bbzoom\u00a0\u00bb animation_intensity_zoom=\u00a0\u00bb4%\u00a0\u00bb global_colors_info=\u00a0\u00bb{}\u00a0\u00bb][et_pb_row _builder_version=\u00a0\u00bb4.27.0&Prime; background_size=\u00a0\u00bbinitial\u00a0\u00bb background_position=\u00a0\u00bbtop_left\u00a0\u00bb background_repeat=\u00a0\u00bbrepeat\u00a0\u00bb custom_padding=\u00a0\u00bb|||\u00a0\u00bb animation_style=\u00a0\u00bbslide\u00a0\u00bb animation_direction=\u00a0\u00bbtop\u00a0\u00bb animation_intensity_slide=\u00a0\u00bb3%\u00a0\u00bb global_colors_info=\u00a0\u00bb{}\u00a0\u00bb][et_pb_column type=\u00a0\u00bb4_4&Prime; _builder_version=\u00a0\u00bb4.16&Prime; custom_padding=\u00a0\u00bb|||\u00a0\u00bb global_colors_info=\u00a0\u00bb{}\u00a0\u00bb custom_padding__hover=\u00a0\u00bb|||\u00a0\u00bb][et_pb_text _builder_version=\u00a0\u00bb4.27.0&Prime; text_font=\u00a0\u00bbMontserrat|500||on|||||\u00a0\u00bb text_text_color=\u00a0\u00bb#f7f7f7&Prime; text_font_size=\u00a0\u00bb16px\u00a0\u00bb text_letter_spacing=\u00a0\u00bb3px\u00a0\u00bb background_size=\u00a0\u00bbinitial\u00a0\u00bb background_position=\u00a0\u00bbtop_left\u00a0\u00bb background_repeat=\u00a0\u00bbrepeat\u00a0\u00bb custom_margin=\u00a0\u00bb-109px|||||\u00a0\u00bb animation_style=\u00a0\u00bbslide\u00a0\u00bb animation_direction=\u00a0\u00bbbottom\u00a0\u00bb locked=\u00a0\u00bboff\u00a0\u00bb global_colors_info=\u00a0\u00bb{}\u00a0\u00bb][\/et_pb_text][et_pb_text _builder_version=\u00a0\u00bb4.27.0&Prime; text_font=\u00a0\u00bb||||||||\u00a0\u00bb text_font_size=\u00a0\u00bb1px\u00a0\u00bb header_font=\u00a0\u00bbMontserrat|700||on|||||\u00a0\u00bb header_text_color=\u00a0\u00bb#ffffff\u00a0\u00bb header_font_size=\u00a0\u00bb60px\u00a0\u00bb header_line_height=\u00a0\u00bb1.3em\u00a0\u00bb header_2_font=\u00a0\u00bb||||||||\u00a0\u00bb background_size=\u00a0\u00bbinitial\u00a0\u00bb background_position=\u00a0\u00bbtop_left\u00a0\u00bb background_repeat=\u00a0\u00bbrepeat\u00a0\u00bb custom_margin=\u00a0\u00bb|||\u00a0\u00bb animation_style=\u00a0\u00bbfade\u00a0\u00bb header_font_size_last_edited=\u00a0\u00bboff|desktop\u00a0\u00bb locked=\u00a0\u00bboff\u00a0\u00bb global_colors_info=\u00a0\u00bb{}\u00a0\u00bb]<\/p>\n<h1><span>G\u00e9n\u00e9ration intelligente de documents<\/span><\/h1>\n<p>[\/et_pb_text][et_pb_text _builder_version=\u00a0\u00bb4.27.0&Prime; text_font=\u00a0\u00bb||||||||\u00a0\u00bb text_text_color=\u00a0\u00bb#ffffff\u00a0\u00bb text_font_size=\u00a0\u00bb24px\u00a0\u00bb text_line_height=\u00a0\u00bb1.8em\u00a0\u00bb background_size=\u00a0\u00bbinitial\u00a0\u00bb background_position=\u00a0\u00bbtop_left\u00a0\u00bb background_repeat=\u00a0\u00bbrepeat\u00a0\u00bb max_width=\u00a0\u00bb700px\u00a0\u00bb module_alignment=\u00a0\u00bbleft\u00a0\u00bb custom_padding=\u00a0\u00bb||0px|||\u00a0\u00bb animation_style=\u00a0\u00bbflip\u00a0\u00bb animation_direction=\u00a0\u00bbtop\u00a0\u00bb animation_intensity_flip=\u00a0\u00bb20%\u00a0\u00bb locked=\u00a0\u00bboff\u00a0\u00bb global_colors_info=\u00a0\u00bb{}\u00a0\u00bb]<\/p>\n<p>Cr\u00e9er vos documents personnalis\u00e9s en un temps record<\/p>\n<p>[\/et_pb_text][\/et_pb_column][\/et_pb_row][\/et_pb_section][et_pb_section fb_built=\u00a0\u00bb1&Prime; admin_label=\u00a0\u00bbImage and Text\u00a0\u00bb _builder_version=\u00a0\u00bb4.16&Prime; background_color=\u00a0\u00bb#ffffff\u00a0\u00bb custom_padding=\u00a0\u00bb89px|0px|36px|0px||\u00a0\u00bb global_colors_info=\u00a0\u00bb{}\u00a0\u00bb][et_pb_row column_structure=\u00a0\u00bb1_2,1_2&Prime; _builder_version=\u00a0\u00bb4.27.0&Prime; background_size=\u00a0\u00bbinitial\u00a0\u00bb background_position=\u00a0\u00bbtop_left\u00a0\u00bb background_repeat=\u00a0\u00bbrepeat\u00a0\u00bb custom_padding=\u00a0\u00bb1px|||||\u00a0\u00bb global_colors_info=\u00a0\u00bb{}\u00a0\u00bb][et_pb_column type=\u00a0\u00bb1_2&Prime; _builder_version=\u00a0\u00bb4.16&Prime; custom_padding=\u00a0\u00bb|||\u00a0\u00bb global_colors_info=\u00a0\u00bb{}\u00a0\u00bb custom_padding__hover=\u00a0\u00bb|||\u00a0\u00bb][et_pb_image src=\u00a0\u00bbhttps:\/\/www.smartdigidocs.com\/wp-content\/uploads\/2024\/09\/Shutterstock_2436572005.png\u00a0\u00bb title_text=\u00a0\u00bbShutterstock_2436572005&Prime; show_in_lightbox=\u00a0\u00bbon\u00a0\u00bb align_tablet=\u00a0\u00bbcenter\u00a0\u00bb align_phone=\u00a0\u00bbcenter\u00a0\u00bb align_last_edited=\u00a0\u00bbon|desktop\u00a0\u00bb _builder_version=\u00a0\u00bb4.27.0&Prime; min_height=\u00a0\u00bb571.4px\u00a0\u00bb animation_style=\u00a0\u00bbslide\u00a0\u00bb animation_direction=\u00a0\u00bbleft\u00a0\u00bb animation_intensity_slide=\u00a0\u00bb10%\u00a0\u00bb hover_enabled=\u00a0\u00bb0&Prime; global_colors_info=\u00a0\u00bb{}\u00a0\u00bb sticky_enabled=\u00a0\u00bb0&Prime;][\/et_pb_image][\/et_pb_column][et_pb_column type=\u00a0\u00bb1_2&Prime; _builder_version=\u00a0\u00bb4.16&Prime; custom_padding=\u00a0\u00bb|||\u00a0\u00bb global_colors_info=\u00a0\u00bb{}\u00a0\u00bb custom_padding__hover=\u00a0\u00bb|||\u00a0\u00bb][et_pb_text _builder_version=\u00a0\u00bb4.27.0&Prime; text_font=\u00a0\u00bb||||||||\u00a0\u00bb text_text_color=\u00a0\u00bb#747d88&Prime; text_font_size=\u00a0\u00bb20px\u00a0\u00bb text_line_height=\u00a0\u00bb1.8em\u00a0\u00bb header_font=\u00a0\u00bb||||||||\u00a0\u00bb header_3_font=\u00a0\u00bbMontserrat||||||||\u00a0\u00bb header_3_line_height=\u00a0\u00bb1.5em\u00a0\u00bb background_size=\u00a0\u00bbinitial\u00a0\u00bb background_position=\u00a0\u00bbtop_left\u00a0\u00bb background_repeat=\u00a0\u00bbrepeat\u00a0\u00bb max_width=\u00a0\u00bb700px\u00a0\u00bb module_alignment=\u00a0\u00bbcenter\u00a0\u00bb custom_margin=\u00a0\u00bb-2px|||||\u00a0\u00bb animation_style=\u00a0\u00bbfade\u00a0\u00bb animation_direction=\u00a0\u00bbtop\u00a0\u00bb hover_enabled=\u00a0\u00bb0&Prime; global_colors_info=\u00a0\u00bb{}\u00a0\u00bb sticky_enabled=\u00a0\u00bb0&Prime;]<\/p>\n<h2><strong><span>Cr\u00e9ez tous vos documents en quelques \u00e9tapes simples&#8230;<\/span><\/strong><\/h2>\n<p><strong><span><\/span><\/strong><\/p>\n<p><strong><span><\/span><\/strong><\/p>\n<p><strong><span><\/span><\/strong><\/p>\n<h3><strong><span><\/span><\/strong><strong>1. Concevoir des mod\u00e8les de documents et d&rsquo;e-mails dynamiques<\/strong><\/h3>\n<p style=\"font-weight: 400;\">Concevez des documents commerciaux dynamiques et hautement personnalis\u00e9s gr\u00e2ce \u00e0 une conception intuitive de mod\u00e8les WYSIWYG. Toute personne ayant des comp\u00e9tences en traitement de texte peut concevoir un mod\u00e8le, tant pour les formats de documents standard que pour les courriers \u00e9lectroniques HTML r\u00e9actifs. Une fois le mappage termin\u00e9, des variables, des conditions, des r\u00e8gles commerciales et d&rsquo;autres \u00e9l\u00e9ments logiques peuvent \u00eatre int\u00e9gr\u00e9s dans le mod\u00e8le gr\u00e2ce \u00e0 des interfaces et des assistants conviviaux.<\/p>\n<p>[\/et_pb_text][\/et_pb_column][\/et_pb_row][\/et_pb_section][et_pb_section fb_built=\u00a0\u00bb1&Prime; admin_label=\u00a0\u00bbText and Image\u00a0\u00bb _builder_version=\u00a0\u00bb4.16&Prime; background_color=\u00a0\u00bb#f7f7f7&Prime; custom_padding=\u00a0\u00bb30px|0px|16px|0px||\u00a0\u00bb global_colors_info=\u00a0\u00bb{}\u00a0\u00bb][et_pb_row column_structure=\u00a0\u00bb1_2,1_2&Prime; _builder_version=\u00a0\u00bb4.16&Prime; background_size=\u00a0\u00bbinitial\u00a0\u00bb background_position=\u00a0\u00bbtop_left\u00a0\u00bb background_repeat=\u00a0\u00bbrepeat\u00a0\u00bb global_colors_info=\u00a0\u00bb{}\u00a0\u00bb][et_pb_column type=\u00a0\u00bb1_2&Prime; _builder_version=\u00a0\u00bb4.16&Prime; custom_padding=\u00a0\u00bb|||\u00a0\u00bb global_colors_info=\u00a0\u00bb{}\u00a0\u00bb custom_padding__hover=\u00a0\u00bb|||\u00a0\u00bb][et_pb_text _builder_version=\u00a0\u00bb4.27.0&Prime; text_font=\u00a0\u00bb||||||||\u00a0\u00bb text_text_color=\u00a0\u00bb#747d88&Prime; text_font_size=\u00a0\u00bb20px\u00a0\u00bb text_line_height=\u00a0\u00bb1.8em\u00a0\u00bb header_font=\u00a0\u00bb||||||||\u00a0\u00bb header_3_font=\u00a0\u00bbMontserrat||||||||\u00a0\u00bb header_3_line_height=\u00a0\u00bb1.5em\u00a0\u00bb background_size=\u00a0\u00bbinitial\u00a0\u00bb background_position=\u00a0\u00bbtop_left\u00a0\u00bb background_repeat=\u00a0\u00bbrepeat\u00a0\u00bb max_width=\u00a0\u00bb700px\u00a0\u00bb module_alignment=\u00a0\u00bbcenter\u00a0\u00bb custom_margin=\u00a0\u00bb0px|||||\u00a0\u00bb animation_style=\u00a0\u00bbfade\u00a0\u00bb animation_direction=\u00a0\u00bbtop\u00a0\u00bb hover_enabled=\u00a0\u00bb0&Prime; global_colors_info=\u00a0\u00bb{}\u00a0\u00bb sticky_enabled=\u00a0\u00bb0&Prime;]<\/p>\n<h3><strong>2. Int\u00e9grer vos donn\u00e9es<\/strong><\/h3>\n<p style=\"font-weight: 400;\">Toutes les donn\u00e9es disponibles sont automatiquement li\u00e9es au bon mod\u00e8le. Vous pouvez ainsi utiliser les informations contenues dans votre CRM, votre ERP, vos formulaires en ligne ou vos syst\u00e8mes de commerce \u00e9lectronique pour cr\u00e9er des contrats, des communications marketing, etc. Cette op\u00e9ration s&rsquo;effectue par le biais d&rsquo;un processus automatis\u00e9, adapt\u00e9 \u00e0 vos besoins.<\/p>\n<h3><strong><span><\/span><\/strong><strong>3. G\u00e9n\u00e9rer vos documents intelligents<\/strong><\/h3>\n<p style=\"font-weight: 400;\">Apr\u00e8s l&rsquo;int\u00e9gration des donn\u00e9es, vos documents seront automatiquement g\u00e9n\u00e9r\u00e9s en arri\u00e8re-plan sans aucune interaction manuelle.<\/p>\n<h3><strong><span><\/span><\/strong><strong>4. Afficher, envoyer et signer<\/strong><\/h3>\n<p style=\"font-weight: 400;\">Les Smart Documents g\u00e9n\u00e9r\u00e9s peuvent \u00eatre instantan\u00e9ment affich\u00e9s pour approbation, envoy\u00e9s par email ou sign\u00e9s num\u00e9riquement avec la solution Nitro eSign. Cela vous permet de r\u00e9duire le temps de traitement et d&rsquo;acquisition des client<\/p>\n<p style=\"font-weight: 400;\">\n<p>[\/et_pb_text][\/et_pb_column][et_pb_column type=\u00a0\u00bb1_2&Prime; _builder_version=\u00a0\u00bb4.16&Prime; custom_padding=\u00a0\u00bb|||\u00a0\u00bb global_colors_info=\u00a0\u00bb{}\u00a0\u00bb custom_padding__hover=\u00a0\u00bb|||\u00a0\u00bb][et_pb_image src=\u00a0\u00bbhttps:\/\/www.smartdigidocs.com\/wp-content\/uploads\/2024\/09\/sdd-sketch-1.png\u00a0\u00bb title_text=\u00a0\u00bbsdd-sketch-1&Prime; align_tablet=\u00a0\u00bbcenter\u00a0\u00bb align_phone=\u00a0\u00bbcenter\u00a0\u00bb align_last_edited=\u00a0\u00bbon|desktop\u00a0\u00bb _builder_version=\u00a0\u00bb4.27.0&Prime; custom_padding=\u00a0\u00bb||280px|||\u00a0\u00bb animation_style=\u00a0\u00bbslide\u00a0\u00bb animation_direction=\u00a0\u00bbright\u00a0\u00bb animation_intensity_slide=\u00a0\u00bb10%\u00a0\u00bb global_colors_info=\u00a0\u00bb{}\u00a0\u00bb][\/et_pb_image][\/et_pb_column][\/et_pb_row][\/et_pb_section][et_pb_section fb_built=\u00a0\u00bb1&Prime; _builder_version=\u00a0\u00bb4.27.0&Prime; _module_preset=\u00a0\u00bbdefault\u00a0\u00bb locked=\u00a0\u00bboff\u00a0\u00bb global_colors_info=\u00a0\u00bb{}\u00a0\u00bb][et_pb_row _builder_version=\u00a0\u00bb4.27.0&Prime; _module_preset=\u00a0\u00bbdefault\u00a0\u00bb global_colors_info=\u00a0\u00bb{}\u00a0\u00bb][et_pb_column type=\u00a0\u00bb4_4&Prime; _builder_version=\u00a0\u00bb4.27.0&Prime; _module_preset=\u00a0\u00bbdefault\u00a0\u00bb global_colors_info=\u00a0\u00bb{}\u00a0\u00bb][et_pb_text admin_label=\u00a0\u00bbTitle\u00a0\u00bb _builder_version=\u00a0\u00bb4.27.0&Prime; text_font=\u00a0\u00bbMontserrat||||||||\u00a0\u00bb text_text_color=\u00a0\u00bb#747d88&Prime; text_font_size=\u00a0\u00bb16px\u00a0\u00bb text_line_height=\u00a0\u00bb1.9em\u00a0\u00bb header_font=\u00a0\u00bb||||||||\u00a0\u00bb header_2_font=\u00a0\u00bbMontserrat|700||on|||||\u00a0\u00bb header_2_font_size=\u00a0\u00bb42px\u00a0\u00bb header_2_line_height=\u00a0\u00bb1.3em\u00a0\u00bb text_orientation=\u00a0\u00bbcenter\u00a0\u00bb max_width=\u00a0\u00bb700px\u00a0\u00bb module_alignment=\u00a0\u00bbcenter\u00a0\u00bb animation_style=\u00a0\u00bbslide\u00a0\u00bb animation_direction=\u00a0\u00bbbottom\u00a0\u00bb animation_intensity_slide=\u00a0\u00bb4%\u00a0\u00bb global_colors_info=\u00a0\u00bb{}\u00a0\u00bb]<\/p>\n<h2><span style=\"color: #000000;\">Des \u00e9tapes simples<\/span><\/h2>\n<p>[\/et_pb_text][et_pb_text _builder_version=\u00a0\u00bb4.27.0&Prime; _module_preset=\u00a0\u00bbdefault\u00a0\u00bb custom_margin=\u00a0\u00bb-25px|||||\u00a0\u00bb global_colors_info=\u00a0\u00bb{}\u00a0\u00bb]<\/p>\n<p style=\"text-align: center;\"><span>Cr\u00e9ez, envoyez et signez tous vos documents en quelques \u00e9tapes simples.<\/span><\/p>\n<p>[\/et_pb_text][et_pb_image src=\u00a0\u00bbhttps:\/\/www.smartdigidocs.com\/wp-content\/uploads\/2024\/08\/SDD-flow-1.png\u00a0\u00bb title_text=\u00a0\u00bbSDD-flow-1&Prime; _builder_version=\u00a0\u00bb4.27.0&Prime; _module_preset=\u00a0\u00bbdefault\u00a0\u00bb global_colors_info=\u00a0\u00bb{}\u00a0\u00bb][\/et_pb_image][\/et_pb_column][\/et_pb_row][\/et_pb_section]<\/p>\n","protected":false},"excerpt":{"rendered":"<p>G\u00e9n\u00e9ration intelligente de documentsCr\u00e9er vos documents personnalis\u00e9s en un temps recordCr\u00e9ez tous vos documents en quelques \u00e9tapes simples&#8230; 1. Concevoir des mod\u00e8les de documents et d&rsquo;e-mails dynamiques Concevez des documents commerciaux dynamiques et hautement personnalis\u00e9s gr\u00e2ce \u00e0 une conception intuitive de mod\u00e8les WYSIWYG. Toute personne ayant des comp\u00e9tences en traitement de texte peut concevoir un [&hellip;]<\/p>\n","protected":false},"author":3,"featured_media":0,"parent":0,"menu_order":0,"comment_status":"closed","ping_status":"closed","template":"","meta":{"_et_pb_use_builder":"on","_et_pb_old_content":"","_et_gb_content_width":"","footnotes":""},"class_list":["post-110","page","type-page","status-publish","hentry"],"yoast_head":"<!-- This site is optimized with the Yoast SEO plugin v25.5 - https:\/\/yoast.com\/wordpress\/plugins\/seo\/ -->\n<title>G\u00e9n\u00e9ration intelligente de documents - Smartdigidocs<\/title>\n<meta name=\"robots\" content=\"index, follow, max-snippet:-1, max-image-preview:large, max-video-preview:-1\" \/>\n<link rel=\"canonical\" href=\"https:\/\/www.smartdigidocs.com\/fr\/generation-intelligente-de-documents\/\" \/>\n<meta property=\"og:locale\" content=\"fr_FR\" \/>\n<meta property=\"og:type\" content=\"article\" \/>\n<meta property=\"og:title\" content=\"G\u00e9n\u00e9ration intelligente de documents - Smartdigidocs\" \/>\n<meta property=\"og:description\" content=\"G\u00e9n\u00e9ration intelligente de documentsCr\u00e9er vos documents personnalis\u00e9s en un temps recordCr\u00e9ez tous vos documents en quelques \u00e9tapes simples... 1. Concevoir des mod\u00e8les de documents et d&#039;e-mails dynamiques Concevez des documents commerciaux dynamiques et hautement personnalis\u00e9s gr\u00e2ce \u00e0 une conception intuitive de mod\u00e8les WYSIWYG. Toute personne ayant des comp\u00e9tences en traitement de texte peut concevoir un [&hellip;]\" \/>\n<meta property=\"og:url\" content=\"https:\/\/www.smartdigidocs.com\/fr\/generation-intelligente-de-documents\/\" \/>\n<meta property=\"og:site_name\" content=\"Smartdigidocs\" \/>\n<meta property=\"article:modified_time\" content=\"2024-09-18T16:10:05+00:00\" \/>\n<meta name=\"twitter:card\" content=\"summary_large_image\" \/>\n<script type=\"application\/ld+json\" class=\"yoast-schema-graph\">{\"@context\":\"https:\/\/schema.org\",\"@graph\":[{\"@type\":\"WebPage\",\"@id\":\"https:\/\/www.smartdigidocs.com\/fr\/generation-intelligente-de-documents\/\",\"url\":\"https:\/\/www.smartdigidocs.com\/fr\/generation-intelligente-de-documents\/\",\"name\":\"G\u00e9n\u00e9ration intelligente de documents - Smartdigidocs\",\"isPartOf\":{\"@id\":\"https:\/\/www.smartdigidocs.com\/fr\/#website\"},\"datePublished\":\"2024-08-21T09:58:43+00:00\",\"dateModified\":\"2024-09-18T16:10:05+00:00\",\"breadcrumb\":{\"@id\":\"https:\/\/www.smartdigidocs.com\/fr\/generation-intelligente-de-documents\/#breadcrumb\"},\"inLanguage\":\"fr-FR\",\"potentialAction\":[{\"@type\":\"ReadAction\",\"target\":[\"https:\/\/www.smartdigidocs.com\/fr\/generation-intelligente-de-documents\/\"]}]},{\"@type\":\"BreadcrumbList\",\"@id\":\"https:\/\/www.smartdigidocs.com\/fr\/generation-intelligente-de-documents\/#breadcrumb\",\"itemListElement\":[{\"@type\":\"ListItem\",\"position\":1,\"name\":\"Accueil\",\"item\":\"https:\/\/www.smartdigidocs.com\/fr\/\"},{\"@type\":\"ListItem\",\"position\":2,\"name\":\"G\u00e9n\u00e9ration intelligente de documents\"}]},{\"@type\":\"WebSite\",\"@id\":\"https:\/\/www.smartdigidocs.com\/fr\/#website\",\"url\":\"https:\/\/www.smartdigidocs.com\/fr\/\",\"name\":\"Smartdigidocs\",\"description\":\"\",\"potentialAction\":[{\"@type\":\"SearchAction\",\"target\":{\"@type\":\"EntryPoint\",\"urlTemplate\":\"https:\/\/www.smartdigidocs.com\/fr\/?s={search_term_string}\"},\"query-input\":{\"@type\":\"PropertyValueSpecification\",\"valueRequired\":true,\"valueName\":\"search_term_string\"}}],\"inLanguage\":\"fr-FR\"}]}<\/script>\n<!-- \/ Yoast SEO plugin. -->","yoast_head_json":{"title":"G\u00e9n\u00e9ration intelligente de documents - Smartdigidocs","robots":{"index":"index","follow":"follow","max-snippet":"max-snippet:-1","max-image-preview":"max-image-preview:large","max-video-preview":"max-video-preview:-1"},"canonical":"https:\/\/www.smartdigidocs.com\/fr\/generation-intelligente-de-documents\/","og_locale":"fr_FR","og_type":"article","og_title":"G\u00e9n\u00e9ration intelligente de documents - Smartdigidocs","og_description":"G\u00e9n\u00e9ration intelligente de documentsCr\u00e9er vos documents personnalis\u00e9s en un temps recordCr\u00e9ez tous vos documents en quelques \u00e9tapes simples... 1. Concevoir des mod\u00e8les de documents et d'e-mails dynamiques Concevez des documents commerciaux dynamiques et hautement personnalis\u00e9s gr\u00e2ce \u00e0 une conception intuitive de mod\u00e8les WYSIWYG. Toute personne ayant des comp\u00e9tences en traitement de texte peut concevoir un [&hellip;]","og_url":"https:\/\/www.smartdigidocs.com\/fr\/generation-intelligente-de-documents\/","og_site_name":"Smartdigidocs","article_modified_time":"2024-09-18T16:10:05+00:00","twitter_card":"summary_large_image","schema":{"@context":"https:\/\/schema.org","@graph":[{"@type":"WebPage","@id":"https:\/\/www.smartdigidocs.com\/fr\/generation-intelligente-de-documents\/","url":"https:\/\/www.smartdigidocs.com\/fr\/generation-intelligente-de-documents\/","name":"G\u00e9n\u00e9ration intelligente de documents - Smartdigidocs","isPartOf":{"@id":"https:\/\/www.smartdigidocs.com\/fr\/#website"},"datePublished":"2024-08-21T09:58:43+00:00","dateModified":"2024-09-18T16:10:05+00:00","breadcrumb":{"@id":"https:\/\/www.smartdigidocs.com\/fr\/generation-intelligente-de-documents\/#breadcrumb"},"inLanguage":"fr-FR","potentialAction":[{"@type":"ReadAction","target":["https:\/\/www.smartdigidocs.com\/fr\/generation-intelligente-de-documents\/"]}]},{"@type":"BreadcrumbList","@id":"https:\/\/www.smartdigidocs.com\/fr\/generation-intelligente-de-documents\/#breadcrumb","itemListElement":[{"@type":"ListItem","position":1,"name":"Accueil","item":"https:\/\/www.smartdigidocs.com\/fr\/"},{"@type":"ListItem","position":2,"name":"G\u00e9n\u00e9ration intelligente de documents"}]},{"@type":"WebSite","@id":"https:\/\/www.smartdigidocs.com\/fr\/#website","url":"https:\/\/www.smartdigidocs.com\/fr\/","name":"Smartdigidocs","description":"","potentialAction":[{"@type":"SearchAction","target":{"@type":"EntryPoint","urlTemplate":"https:\/\/www.smartdigidocs.com\/fr\/?s={search_term_string}"},"query-input":{"@type":"PropertyValueSpecification","valueRequired":true,"valueName":"search_term_string"}}],"inLanguage":"fr-FR"}]}},"_links":{"self":[{"href":"https:\/\/www.smartdigidocs.com\/fr\/wp-json\/wp\/v2\/pages\/110","targetHints":{"allow":["GET"]}}],"collection":[{"href":"https:\/\/www.smartdigidocs.com\/fr\/wp-json\/wp\/v2\/pages"}],"about":[{"href":"https:\/\/www.smartdigidocs.com\/fr\/wp-json\/wp\/v2\/types\/page"}],"author":[{"embeddable":true,"href":"https:\/\/www.smartdigidocs.com\/fr\/wp-json\/wp\/v2\/users\/3"}],"replies":[{"embeddable":true,"href":"https:\/\/www.smartdigidocs.com\/fr\/wp-json\/wp\/v2\/comments?post=110"}],"version-history":[{"count":13,"href":"https:\/\/www.smartdigidocs.com\/fr\/wp-json\/wp\/v2\/pages\/110\/revisions"}],"predecessor-version":[{"id":237,"href":"https:\/\/www.smartdigidocs.com\/fr\/wp-json\/wp\/v2\/pages\/110\/revisions\/237"}],"wp:attachment":[{"href":"https:\/\/www.smartdigidocs.com\/fr\/wp-json\/wp\/v2\/media?parent=110"}],"curies":[{"name":"wp","href":"https:\/\/api.w.org\/{rel}","templated":true}]}}